{"id":356,"date":"2022-11-08T09:59:42","date_gmt":"2022-11-08T12:59:42","guid":{"rendered":"https:\/\/floranectar.com.br\/?page_id=356"},"modified":"2022-11-23T15:24:01","modified_gmt":"2022-11-23T18:24:01","slug":"exportacao","status":"publish","type":"page","link":"https:\/\/floranectar.com.br\/pt_br\/exportacao\/","title":{"rendered":"Exporta\u00e7\u00e3o"},"content":{"rendered":"\t\t<div data-elementor-type=\"wp-page\" data-elementor-id=\"356\" class=\"elementor elementor-356\" data-elementor-settings=\"{&quot;ha_cmc_init_switcher&quot;:&quot;no&quot;}\">\n\t\t\t\t\t\t<section class=\"elementor-section elementor-top-section elementor-element elementor-element-6324c93 elementor-section-full_width elementor-section-height-default elementor-section-height-default\" data-id=\"6324c93\" data-element_type=\"section\" data-settings=\"{&quot;jet_parallax_layout_list&quot;:[],&quot;_ha_eqh_enable&quot;:false}\">\n\t\t\t\t\t\t<div class=\"elementor-container elementor-column-gap-no\">\n\t\t\t\t\t<div class=\"elementor-column elementor-col-100 elementor-top-column elementor-element elementor-element-4e37a61\" data-id=\"4e37a61\" data-element_type=\"column\">\n\t\t\t<div class=\"elementor-widget-wrap elementor-element-populated\">\n\t\t\t\t\t\t<div class=\"elementor-element elementor-element-cabbd7c elementor--h-position-left elementor--v-position-top elementor-pagination-position-inside elementor-widget elementor-widget-slides\" data-id=\"cabbd7c\" data-element_type=\"widget\" id=\"bannerPrincipal\" data-settings=\"{&quot;navigation&quot;:&quot;dots&quot;,&quot;autoplay_speed&quot;:6000,&quot;transition&quot;:&quot;fade&quot;,&quot;transition_speed&quot;:350,&quot;autoplay&quot;:&quot;yes&quot;,&quot;pause_on_hover&quot;:&quot;yes&quot;,&quot;pause_on_interaction&quot;:&quot;yes&quot;,&quot;infinite&quot;:&quot;yes&quot;}\" data-widget_type=\"slides.default\">\n\t\t\t\t<div class=\"elementor-widget-container\">\n\t\t\t\t\t\t\t<div class=\"elementor-swiper\">\n\t\t\t<div class=\"elementor-slides-wrapper elementor-main-swiper swiper-container\" dir=\"ltr\" data-animation=\"\">\n\t\t\t\t<div class=\"swiper-wrapper elementor-slides\">\n\t\t\t\t\t\t\t\t\t\t<div class=\"elementor-repeater-item-02e4bb1 swiper-slide\"><div class=\"swiper-slide-bg\"><\/div><div class=\"swiper-slide-inner\" ><div class=\"swiper-slide-contents\"><div class=\"elementor-slide-heading\">Exporta\u00e7\u00e3o<\/div><\/div><\/div><\/div>\t\t\t\t<\/div>\n\t\t\t\t\t\t\t<\/div>\n\t\t<\/div>\n\t\t\t\t\t\t<\/div>\n\t\t\t\t<\/div>\n\t\t\t\t\t<\/div>\n\t\t<\/div>\n\t\t\t\t\t<\/div>\n\t\t<\/section>\n\t\t\t\t<section class=\"elementor-section elementor-top-section elementor-element elementor-element-2894717 elementor-section-boxed elementor-section-height-default elementor-section-height-default\" data-id=\"2894717\" data-element_type=\"section\" data-settings=\"{&quot;jet_parallax_layout_list&quot;:[],&quot;_ha_eqh_enable&quot;:false}\">\n\t\t\t\t\t\t<div class=\"elementor-container elementor-column-gap-default\">\n\t\t\t\t\t<div class=\"elementor-column elementor-col-100 elementor-top-column elementor-element elementor-element-f6204a6\" data-id=\"f6204a6\" data-element_type=\"column\">\n\t\t\t<div class=\"elementor-widget-wrap elementor-element-populated\">\n\t\t\t\t\t\t<div class=\"elementor-element elementor-element-2b5f58d elementor-widget elementor-widget-heading\" data-id=\"2b5f58d\" data-element_type=\"widget\" data-widget_type=\"heading.default\">\n\t\t\t\t<div class=\"elementor-widget-container\">\n\t\t\t\t\t<h2 class=\"elementor-heading-title elementor-size-default\">Linha Exporta\u00e7\u00e3o<\/h2>\t\t\t\t<\/div>\n\t\t\t\t<\/div>\n\t\t\t\t<div class=\"elementor-element elementor-element-9fecd5d elementor-widget elementor-widget-text-editor\" data-id=\"9fecd5d\" data-element_type=\"widget\" data-widget_type=\"text-editor.default\">\n\t\t\t\t<div class=\"elementor-widget-container\">\n\t\t\t\t\t\t\t\t\t<p>A Flora N\u00e9ctar, ap\u00f3s consolidar-se no mercado interno gra\u00e7as \u00e0 qualidade de seus produtos, veio a conquistar tamb\u00e9m o mercado internacional. Tendo hoje clientes em pa\u00edses da Europa, Oriente M\u00e9dio, \u00c1sia, Estados Unidos e Canad\u00e1. Levando para o restante do mundo o que o Brasil tem de melhor em mel e pr\u00f3polis, tem recebido uma extraordin\u00e1ria aprova\u00e7\u00e3o do p\u00fablico consumidor tamb\u00e9m no exterior.<\/p><p>Comercializamos nosso mel dentro dos rigorosos padr\u00f5es internacionais, isto \u00e9, natural, n\u00e3o adulterado, n\u00e3o fermentado, sem aditivos, livres de antibi\u00f3ticos e outros produtos qu\u00edmicos e totalmente fiscalizados pelo SIF (Servi\u00e7o de Inspe\u00e7\u00e3o Federal).<\/p>\t\t\t\t\t\t\t\t<\/div>\n\t\t\t\t<\/div>\n\t\t\t\t\t<\/div>\n\t\t<\/div>\n\t\t\t\t\t<\/div>\n\t\t<\/section>\n\t\t\t\t<section class=\"elementor-section elementor-top-section elementor-element elementor-element-675217a elementor-section-boxed elementor-section-height-default elementor-section-height-default\" data-id=\"675217a\" data-element_type=\"section\" data-settings=\"{&quot;jet_parallax_layout_list&quot;:[],&quot;_ha_eqh_enable&quot;:false}\">\n\t\t\t\t\t\t<div class=\"elementor-container elementor-column-gap-default\">\n\t\t\t\t\t<div class=\"elementor-column elementor-col-100 elementor-top-column elementor-element elementor-element-e4ef4a0\" data-id=\"e4ef4a0\" data-element_type=\"column\" data-settings=\"{&quot;background_background&quot;:&quot;classic&quot;}\">\n\t\t\t<div class=\"elementor-widget-wrap elementor-element-populated\">\n\t\t\t\t\t\t<div class=\"elementor-element elementor-element-e0ad0a7 elementor-widget__width-initial elementor-widget-mobile__width-inherit anexo-form elementor-widget elementor-widget-jet-engine-booking-form\" data-id=\"e0ad0a7\" data-element_type=\"widget\" data-widget_type=\"jet-engine-booking-form.default\">\n\t\t\t\t<div class=\"elementor-widget-container\">\n\t\t\t\t\t<form  class=\"jet-form layout-column submit-type-reload\" action=\"\/pt_br\/wp-json\/wp\/v2\/pages\/356?jet_engine_action=book&nocache=1776152023\" method=\"POST\" data-form-id=\"599\"><input class=\"jet-form__field hidden-field\" type=\"hidden\" name=\"_jet_engine_booking_form_id\" value=\"599\" data-field-name=\"_jet_engine_booking_form_id\"><input class=\"jet-form__field hidden-field\" type=\"hidden\" name=\"_jet_engine_refer\" value=\"https:\/\/floranectar.com.br\/pt_br\/wp-json\/wp\/v2\/pages\/356\" data-field-name=\"_jet_engine_refer\"><div  class=\"jet-form-row jet-form-row--first-visible\"><div class=\"jet-form-col jet-form-col-6  field-type-text  jet-form-field-container\" data-field=\"expo_none\" data-conditional=\"false\"><input class=\"jet-form__field text-field \" placeholder=\"Nome\" value=\"\" required=\"required\" name=\"expo_none\" id=\"expo_none\" type=\"text\" data-field-name=\"expo_none\"><\/div><div class=\"jet-form-col jet-form-col-6  field-type-text  jet-form-field-container\" data-field=\"expo_mail\" data-conditional=\"false\"><input class=\"jet-form__field text-field \" placeholder=\"E-mail\" value=\"\" required=\"required\" name=\"expo_mail\" id=\"expo_mail\" type=\"email\" data-field-name=\"expo_mail\"><\/div><\/div><div  class=\"jet-form-row\"><div class=\"jet-form-col jet-form-col-6  field-type-text  jet-form-field-container\" data-field=\"expo_telefone\" data-conditional=\"false\"><input class=\"jet-form__field text-field \" placeholder=\"Telefone\" value=\"\" required=\"required\" name=\"expo_telefone\" id=\"expo_telefone\" type=\"text\" data-field-name=\"expo_telefone\"><\/div><div class=\"jet-form-col jet-form-col-6  field-type-text  jet-form-field-container\" data-field=\"expo_celular\" data-conditional=\"false\"><input class=\"jet-form__field text-field \" placeholder=\"Celular\" value=\"\" required=\"required\" name=\"expo_celular\" id=\"expo_celular\" type=\"text\" data-field-name=\"expo_celular\"><\/div><\/div><div  class=\"jet-form-row\"><div class=\"jet-form-col jet-form-col-6  field-type-text  jet-form-field-container\" data-field=\"expo_empresa\" data-conditional=\"false\"><input class=\"jet-form__field text-field \" placeholder=\"Empresa\" value=\"\" required=\"required\" name=\"expo_empresa\" id=\"expo_empresa\" type=\"text\" data-field-name=\"expo_empresa\"><\/div><div class=\"jet-form-col jet-form-col-6  field-type-text  jet-form-field-container\" data-field=\"expo_assunto\" data-conditional=\"false\"><input class=\"jet-form__field text-field \" placeholder=\"Assunto\" value=\"\" required=\"required\" name=\"expo_assunto\" id=\"expo_assunto\" type=\"text\" data-field-name=\"expo_assunto\"><\/div><\/div><div  class=\"jet-form-row\"><div class=\"jet-form-col jet-form-col-12  field-type-textarea  jet-form-field-container\" data-field=\"expo_mensagem\" data-conditional=\"false\"><textarea class=\"jet-form__field textarea-field\" placeholder=\"Mensagem\" required=\"required\" name=\"expo_mensagem\" data-field-name=\"expo_mensagem\" id=\"expo_mensagem\"><\/textarea><\/div><\/div><div  class=\"jet-form-row\"><div class=\"jet-form-col jet-form-col-12  field-type-media  jet-form-field-container\" data-field=\"expo_anexo\" data-conditional=\"false\"><div class=\"jet-engine-file-upload\">\n\t<div class=\"jet-engine-file-upload__content\">\n\t\t<div class=\"jet-engine-file-upload__loader\"><svg xmlns=\"http:\/\/www.w3.org\/2000\/svg\" width=\"38\" height=\"38\" viewBox=\"0 0 38 38\" stroke=\"#fff\"><g fill=\"none\" fill-rule=\"evenodd\"><g transform=\"translate(1 1)\" stroke-width=\"2\"><circle stroke-opacity=\".5\" cx=\"18\" cy=\"18\" r=\"18\"\/><path d=\"M36 18c0-9.94-8.06-18-18-18\" transform=\"rotate(137.826 18 18)\"><animateTransform attributeName=\"transform\" type=\"rotate\" from=\"0 18 18\" to=\"360 18 18\" dur=\"1s\" repeatCount=\"indefinite\"\/><\/path><\/g><\/g><\/svg><\/div>\t\t<div class=\"jet-engine-file-upload__files\"  data-args=\"{&quot;max_files&quot;:1,&quot;insert_attachment&quot;:false,&quot;value_format&quot;:&quot;url&quot;}\"><\/div>\n\t<\/div>\n\t<div class=\"jet-engine-file-upload__fields\">\n\t\t<input class=\"jet-form__field jet-engine-file-upload__value\" type=\"hidden\" name=\"expo_anexo\" data-field-name=\"expo_anexo\" value=\"\" >\n\t\t<input class=\"jet-form__field file-field jet-engine-file-upload__input\" name=\"expo_anexo_input\" type=\"file\" data-form_id=\"599\" data-field=\"expo_anexo\" id=\"expo_anexo\" data-max_size=\"12884901888\">\n\t<\/div>\n\t<div class=\"jet-engine-file-upload__message\"><small>Maximum file size: 12 GB<\/small><\/div>\n\t<div class=\"jet-engine-file-upload__errors is-hidden\"><\/div>\n<\/div><\/div><\/div><div  class=\"jet-form-row jet-form-row--submit\"><div class=\"jet-form-col jet-form-col-12  field-type-submit  jet-form-field-container\" data-field=\"Submit\" data-conditional=\"false\"><div class=\"jet-form__submit-wrap\">\n\t\t<button class=\"jet-form__submit submit-type-reload\" type=\"submit\">Enviar<\/button>\n<\/div><\/div><\/div><input class=\"jet-form__field hidden-field\" type=\"hidden\" name=\"_jet_engine_nonce\" value=\"3f318f9340\" data-field-name=\"_jet_engine_nonce\"><\/form>\t\t\t\t<\/div>\n\t\t\t\t<\/div>\n\t\t\t\t<div class=\"elementor-element elementor-element-5bd4c31 elementor-widget__width-initial elementor-hidden-tablet elementor-hidden-mobile elementor-widget elementor-widget-image\" data-id=\"5bd4c31\" data-element_type=\"widget\" data-widget_type=\"image.default\">\n\t\t\t\t<div class=\"elementor-widget-container\">\n\t\t\t\t\t\t\t\t\t\t\t\t\t\t\t<img fetchpriority=\"high\" decoding=\"async\" width=\"404\" height=\"699\" src=\"https:\/\/floranectar.com.br\/wp-content\/uploads\/2022\/11\/contato.png\" class=\"attachment-large size-large wp-image-847\" alt=\"\" srcset=\"https:\/\/floranectar.com.br\/wp-content\/uploads\/2022\/11\/contato.png 404w, https:\/\/floranectar.com.br\/wp-content\/uploads\/2022\/11\/contato-173x300.png 173w, https:\/\/floranectar.com.br\/wp-content\/uploads\/2022\/11\/contato-7x12.png 7w\" sizes=\"(max-width: 404px) 100vw, 404px\" \/>\t\t\t\t\t\t\t\t\t\t\t\t\t\t\t<\/div>\n\t\t\t\t<\/div>\n\t\t\t\t\t<\/div>\n\t\t<\/div>\n\t\t\t\t\t<\/div>\n\t\t<\/section>\n\t\t\t\t<\/div>\n\t\t","protected":false},"excerpt":{"rendered":"<p>Exporta\u00e7\u00e3o Linha Exporta\u00e7\u00e3o A Flora N\u00e9ctar, ap\u00f3s consolidar-se no mercado interno gra\u00e7as \u00e0 qualidade de seus produtos, veio a conquistar tamb\u00e9m o mercado internacional. Tendo hoje clientes em pa\u00edses da Europa, Oriente M\u00e9dio, \u00c1sia, Estados Unidos e Canad\u00e1. Levando para o restante do mundo o que o Brasil tem de melhor em mel e pr\u00f3polis, &#8230; <a title=\"Exporta\u00e7\u00e3o\" class=\"read-more\" href=\"https:\/\/floranectar.com.br\/pt_br\/exportacao\/\" aria-label=\"More on Exporta\u00e7\u00e3o\">Ler mais<\/a><\/p>\n","protected":false},"author":3,"featured_media":0,"parent":0,"menu_order":0,"comment_status":"closed","ping_status":"closed","template":"elementor_header_footer","meta":{"footnotes":""},"class_list":["post-356","page","type-page","status-publish"],"_links":{"self":[{"href":"https:\/\/floranectar.com.br\/pt_br\/wp-json\/wp\/v2\/pages\/356","targetHints":{"allow":["GET"]}}],"collection":[{"href":"https:\/\/floranectar.com.br\/pt_br\/wp-json\/wp\/v2\/pages"}],"about":[{"href":"https:\/\/floranectar.com.br\/pt_br\/wp-json\/wp\/v2\/types\/page"}],"author":[{"embeddable":true,"href":"https:\/\/floranectar.com.br\/pt_br\/wp-json\/wp\/v2\/users\/3"}],"replies":[{"embeddable":true,"href":"https:\/\/floranectar.com.br\/pt_br\/wp-json\/wp\/v2\/comments?post=356"}],"version-history":[{"count":28,"href":"https:\/\/floranectar.com.br\/pt_br\/wp-json\/wp\/v2\/pages\/356\/revisions"}],"predecessor-version":[{"id":907,"href":"https:\/\/floranectar.com.br\/pt_br\/wp-json\/wp\/v2\/pages\/356\/revisions\/907"}],"wp:attachment":[{"href":"https:\/\/floranectar.com.br\/pt_br\/wp-json\/wp\/v2\/media?parent=356"}],"curies":[{"name":"wp","href":"https:\/\/api.w.org\/{rel}","templated":true}]}}