{"id":13,"date":"2022-11-03T11:01:51","date_gmt":"2022-11-03T14:01:51","guid":{"rendered":"https:\/\/floranectar.com.br\/?page_id=13"},"modified":"2024-04-22T16:15:42","modified_gmt":"2024-04-22T19:15:42","slug":"empresa","status":"publish","type":"page","link":"https:\/\/floranectar.com.br\/pt_br\/empresa\/","title":{"rendered":"Empresa"},"content":{"rendered":"\t\t<div data-elementor-type=\"wp-page\" data-elementor-id=\"13\" class=\"elementor elementor-13\" data-elementor-settings=\"{&quot;ha_cmc_init_switcher&quot;:&quot;no&quot;}\">\n\t\t\t\t\t\t<section class=\"elementor-section elementor-top-section elementor-element elementor-element-6324c93 elementor-section-full_width elementor-section-height-default elementor-section-height-default\" data-id=\"6324c93\" data-element_type=\"section\" data-settings=\"{&quot;jet_parallax_layout_list&quot;:[],&quot;_ha_eqh_enable&quot;:false}\">\n\t\t\t\t\t\t<div class=\"elementor-container elementor-column-gap-no\">\n\t\t\t\t\t<div class=\"elementor-column elementor-col-100 elementor-top-column elementor-element elementor-element-4e37a61\" data-id=\"4e37a61\" data-element_type=\"column\">\n\t\t\t<div class=\"elementor-widget-wrap elementor-element-populated\">\n\t\t\t\t\t\t<div class=\"elementor-element elementor-element-cabbd7c elementor--h-position-left elementor--v-position-top elementor-pagination-position-inside elementor-widget elementor-widget-slides\" data-id=\"cabbd7c\" data-element_type=\"widget\" id=\"bannerPrincipal\" data-settings=\"{&quot;navigation&quot;:&quot;dots&quot;,&quot;autoplay_speed&quot;:6000,&quot;transition&quot;:&quot;fade&quot;,&quot;transition_speed&quot;:350,&quot;autoplay&quot;:&quot;yes&quot;,&quot;pause_on_hover&quot;:&quot;yes&quot;,&quot;pause_on_interaction&quot;:&quot;yes&quot;,&quot;infinite&quot;:&quot;yes&quot;}\" data-widget_type=\"slides.default\">\n\t\t\t\t<div class=\"elementor-widget-container\">\n\t\t\t\t\t\t\t<div class=\"elementor-swiper\">\n\t\t\t<div class=\"elementor-slides-wrapper elementor-main-swiper swiper-container\" dir=\"ltr\" data-animation=\"\">\n\t\t\t\t<div class=\"swiper-wrapper elementor-slides\">\n\t\t\t\t\t\t\t\t\t\t<div class=\"elementor-repeater-item-02e4bb1 swiper-slide\"><div class=\"swiper-slide-bg\"><\/div><div class=\"swiper-slide-inner\" ><div class=\"swiper-slide-contents\"><div class=\"elementor-slide-heading\">Nossa <br\/>Empresa<\/div><\/div><\/div><\/div>\t\t\t\t<\/div>\n\t\t\t\t\t\t\t<\/div>\n\t\t<\/div>\n\t\t\t\t\t\t<\/div>\n\t\t\t\t<\/div>\n\t\t\t\t\t<\/div>\n\t\t<\/div>\n\t\t\t\t\t<\/div>\n\t\t<\/section>\n\t\t\t\t<section class=\"elementor-section elementor-top-section elementor-element elementor-element-2894717 elementor-section-boxed elementor-section-height-default elementor-section-height-default\" data-id=\"2894717\" data-element_type=\"section\" data-settings=\"{&quot;jet_parallax_layout_list&quot;:[],&quot;_ha_eqh_enable&quot;:false}\">\n\t\t\t\t\t\t<div class=\"elementor-container elementor-column-gap-default\">\n\t\t\t\t\t<div class=\"elementor-column elementor-col-100 elementor-top-column elementor-element elementor-element-f6204a6\" data-id=\"f6204a6\" data-element_type=\"column\">\n\t\t\t<div class=\"elementor-widget-wrap elementor-element-populated\">\n\t\t\t\t\t\t<div class=\"elementor-element elementor-element-9fecd5d elementor-widget elementor-widget-text-editor\" data-id=\"9fecd5d\" data-element_type=\"widget\" data-widget_type=\"text-editor.default\">\n\t\t\t\t<div class=\"elementor-widget-container\">\n\t\t\t\t\t\t\t\t\t<p>A hist\u00f3ria da Flora N\u00e9ctar se inicia com nosso fundador <strong>Jos\u00e9 Eduardo<\/strong>, integrando-se a uma equipe de estudantes para trabalhar em um projeto de pesquisas em apicultura, com incentivo do governo. Foi o ponto de partida para se encantar pelo cultivo de mel e executar seu pr\u00f3prio projeto de apicultura migrat\u00f3rio, no qual seus api\u00e1rios percorreram diversas regi\u00f5es.<\/p>\n<p>Em 1987, a empresa investiu em uma nova unidade fabril, conseguindo o registro do SIF (Servi\u00e7o de Inspe\u00e7\u00e3o Federal), atrav\u00e9s do Minist\u00e9rio da Agricultura, com isso, a empresa conseguiu ampliar ainda mais sua linha de produ\u00e7\u00e3o e expandir a trajet\u00f3ria da Flora N\u00e9ctar.<\/p>\n<p>Atualmente oferecemos alimentos naturais, suplementos concentrados e cosm\u00e9ticos elaborados para a pr\u00e1tica de um estilo de vida mais saud\u00e1vel e saboroso.<\/p>\t\t\t\t\t\t\t\t<\/div>\n\t\t\t\t<\/div>\n\t\t\t\t\t<\/div>\n\t\t<\/div>\n\t\t\t\t\t<\/div>\n\t\t<\/section>\n\t\t\t\t<section class=\"elementor-section elementor-top-section elementor-element elementor-element-9f44a17 elementor-section-boxed elementor-section-height-default elementor-section-height-default\" data-id=\"9f44a17\" data-element_type=\"section\" data-settings=\"{&quot;background_background&quot;:&quot;classic&quot;,&quot;jet_parallax_layout_list&quot;:[],&quot;_ha_eqh_enable&quot;:false}\">\n\t\t\t\t\t\t<div class=\"elementor-container elementor-column-gap-default\">\n\t\t\t\t\t<div class=\"elementor-column elementor-col-100 elementor-top-column elementor-element elementor-element-69617c7\" data-id=\"69617c7\" data-element_type=\"column\">\n\t\t\t<div class=\"elementor-widget-wrap elementor-element-populated\">\n\t\t\t\t\t\t<section class=\"elementor-section elementor-inner-section elementor-element elementor-element-ff59706 elementor-section-full_width elementor-section-height-default elementor-section-height-default\" data-id=\"ff59706\" data-element_type=\"section\" data-settings=\"{&quot;jet_parallax_layout_list&quot;:[],&quot;_ha_eqh_enable&quot;:false}\">\n\t\t\t\t\t\t<div class=\"elementor-container elementor-column-gap-default\">\n\t\t\t\t\t<div class=\"elementor-column elementor-col-33 elementor-inner-column elementor-element elementor-element-ad8569d\" data-id=\"ad8569d\" data-element_type=\"column\">\n\t\t\t<div class=\"elementor-widget-wrap elementor-element-populated\">\n\t\t\t\t\t\t<div class=\"elementor-element elementor-element-b74eb4a caixa ha-css-transform-yes ha-has-bg-overlay elementor-invisible elementor-widget elementor-widget-image-box\" data-id=\"b74eb4a\" data-element_type=\"widget\" data-settings=\"{&quot;_animation&quot;:&quot;zoomInUp&quot;}\" data-widget_type=\"image-box.default\">\n\t\t\t\t<div class=\"elementor-widget-container\">\n\t\t\t\t\t<div class=\"elementor-image-box-wrapper\"><div class=\"elementor-image-box-content\"><h3 class=\"elementor-image-box-title\">MISS\u00c3O<\/h3><p class=\"elementor-image-box-description\">Oferecer aos clientes, fornecedores e colaboradores uma completa satisfa\u00e7\u00e3o pela qualidade de nossos produtos ap\u00edcolas, gerando assim benef\u00edcios a todos os envolvidos.<\/p><\/div><\/div>\t\t\t\t<\/div>\n\t\t\t\t<\/div>\n\t\t\t\t\t<\/div>\n\t\t<\/div>\n\t\t\t\t<div class=\"elementor-column elementor-col-33 elementor-inner-column elementor-element elementor-element-cf71255\" data-id=\"cf71255\" data-element_type=\"column\">\n\t\t\t<div class=\"elementor-widget-wrap elementor-element-populated\">\n\t\t\t\t\t\t<div class=\"elementor-element elementor-element-cff81f6 caixa ha-css-transform-yes ha-has-bg-overlay elementor-invisible elementor-widget elementor-widget-image-box\" data-id=\"cff81f6\" data-element_type=\"widget\" data-settings=\"{&quot;_animation&quot;:&quot;zoomInUp&quot;}\" data-widget_type=\"image-box.default\">\n\t\t\t\t<div class=\"elementor-widget-container\">\n\t\t\t\t\t<div class=\"elementor-image-box-wrapper\"><div class=\"elementor-image-box-content\"><h3 class=\"elementor-image-box-title\">VIS\u00c3O<\/h3><p class=\"elementor-image-box-description\">Trabalhar com produtos naturais, levando at\u00e9 a mesa de seus consumidores sa\u00fade e qualidade de vida, respeitando o meio ambiente, investindo e valorizando o ser humano.\nSer reconhecida como sin\u00f4nimo de qualidade e prefer\u00eancia dos consumidores.\nBuscar o reconhecimento do nosso trabalho, atrav\u00e9s de uma gest\u00e3o \u00e9tica e inovadora, para que a nossa marca seja cada vez mais reconhecida no mercado como sin\u00f4nimo de qualidade.<\/p><\/div><\/div>\t\t\t\t<\/div>\n\t\t\t\t<\/div>\n\t\t\t\t\t<\/div>\n\t\t<\/div>\n\t\t\t\t<div class=\"elementor-column elementor-col-33 elementor-inner-column elementor-element elementor-element-523ff2a\" data-id=\"523ff2a\" data-element_type=\"column\">\n\t\t\t<div class=\"elementor-widget-wrap elementor-element-populated\">\n\t\t\t\t\t\t<div class=\"elementor-element elementor-element-b36b685 caixa ha-css-transform-yes ha-has-bg-overlay elementor-invisible elementor-widget elementor-widget-image-box\" data-id=\"b36b685\" data-element_type=\"widget\" data-settings=\"{&quot;_animation&quot;:&quot;zoomInUp&quot;}\" data-widget_type=\"image-box.default\">\n\t\t\t\t<div class=\"elementor-widget-container\">\n\t\t\t\t\t<div class=\"elementor-image-box-wrapper\"><div class=\"elementor-image-box-content\"><h3 class=\"elementor-image-box-title\">EXPORTA\u00c7\u00c3O<\/h3><p class=\"elementor-image-box-description\">Ap\u00f3s a consolida\u00e7\u00e3o de sua marca em todo o territ\u00f3rio nacional, veio a expans\u00e3o para o mercado mundial, exportando para v\u00e1rios pa\u00edses da Europa, Oriente M\u00e9dio, \u00c1sia, Estados Unidos e Canad\u00e1. Isso faz da Flora N\u00e9ctar uma empresa sin\u00f4nimo de seriedade e qualidade. Levando para o restante do mundo o que o Brasil tem de melhor em mel e seguindo os rigorosos padr\u00f5es internacionais.<\/p><\/div><\/div>\t\t\t\t<\/div>\n\t\t\t\t<\/div>\n\t\t\t\t\t<\/div>\n\t\t<\/div>\n\t\t\t\t\t<\/div>\n\t\t<\/section>\n\t\t\t\t\t<\/div>\n\t\t<\/div>\n\t\t\t\t\t<\/div>\n\t\t<\/section>\n\t\t\t\t<section class=\"elementor-section elementor-top-section elementor-element elementor-element-a2f2e8b elementor-section-boxed elementor-section-height-default elementor-section-height-default\" data-id=\"a2f2e8b\" data-element_type=\"section\" data-settings=\"{&quot;jet_parallax_layout_list&quot;:[],&quot;_ha_eqh_enable&quot;:false}\">\n\t\t\t\t\t\t<div class=\"elementor-container elementor-column-gap-default\">\n\t\t\t\t\t<div class=\"elementor-column elementor-col-50 elementor-top-column elementor-element elementor-element-02ca0dd\" data-id=\"02ca0dd\" data-element_type=\"column\">\n\t\t\t<div class=\"elementor-widget-wrap elementor-element-populated\">\n\t\t\t\t\t\t<div class=\"elementor-element elementor-element-5bd88b7 elementor-invisible elementor-widget elementor-widget-image\" data-id=\"5bd88b7\" data-element_type=\"widget\" data-settings=\"{&quot;_animation&quot;:&quot;zoomInUp&quot;}\" data-widget_type=\"image.default\">\n\t\t\t\t<div class=\"elementor-widget-container\">\n\t\t\t\t\t\t\t\t\t\t\t\t\t\t\t<img decoding=\"async\" width=\"200\" height=\"199\" src=\"https:\/\/floranectar.com.br\/wp-content\/uploads\/2022\/11\/Group-77-1.png\" class=\"attachment-large size-large wp-image-256\" alt=\"\" srcset=\"https:\/\/floranectar.com.br\/wp-content\/uploads\/2022\/11\/Group-77-1.png 200w, https:\/\/floranectar.com.br\/wp-content\/uploads\/2022\/11\/Group-77-1-150x150.png 150w\" sizes=\"(max-width: 200px) 100vw, 200px\" \/>\t\t\t\t\t\t\t\t\t\t\t\t\t\t\t<\/div>\n\t\t\t\t<\/div>\n\t\t\t\t<div class=\"elementor-element elementor-element-d7b214c elementor-widget elementor-widget-heading\" data-id=\"d7b214c\" data-element_type=\"widget\" data-widget_type=\"heading.default\">\n\t\t\t\t<div class=\"elementor-widget-container\">\n\t\t\t\t\t<h2 class=\"elementor-heading-title elementor-size-default\">ESTRUTURA<\/h2>\t\t\t\t<\/div>\n\t\t\t\t<\/div>\n\t\t\t\t<div class=\"elementor-element elementor-element-8d74c65 elementor-widget elementor-widget-text-editor\" data-id=\"8d74c65\" data-element_type=\"widget\" data-widget_type=\"text-editor.default\">\n\t\t\t\t<div class=\"elementor-widget-container\">\n\t\t\t\t\t\t\t\t\t<p>Estamos localizados em Barretos no interior do estado de S\u00e3o Paulo, onde contamos com uma <b>\u00e1rea<\/b> <b>total<\/b> <b>de<\/b> 22.000m\u00b2 <b>sendo<\/b> 5.000m\u00b2 de \u00e1rea constru\u00edda.<\/p>\t\t\t\t\t\t\t\t<\/div>\n\t\t\t\t<\/div>\n\t\t\t\t\t<\/div>\n\t\t<\/div>\n\t\t\t\t<div class=\"elementor-column elementor-col-50 elementor-top-column elementor-element elementor-element-8281e2e\" data-id=\"8281e2e\" data-element_type=\"column\">\n\t\t\t<div class=\"elementor-widget-wrap elementor-element-populated\">\n\t\t\t\t\t\t<div class=\"elementor-element elementor-element-b0e91b4 elementor-invisible elementor-widget elementor-widget-image\" data-id=\"b0e91b4\" data-element_type=\"widget\" data-settings=\"{&quot;_animation&quot;:&quot;zoomInUp&quot;}\" data-widget_type=\"image.default\">\n\t\t\t\t<div class=\"elementor-widget-container\">\n\t\t\t\t\t\t\t\t\t\t\t\t\t\t\t<img decoding=\"async\" width=\"198\" height=\"199\" src=\"https:\/\/floranectar.com.br\/wp-content\/uploads\/2022\/11\/Group-78.png\" class=\"attachment-large size-large wp-image-259\" alt=\"\" srcset=\"https:\/\/floranectar.com.br\/wp-content\/uploads\/2022\/11\/Group-78.png 198w, https:\/\/floranectar.com.br\/wp-content\/uploads\/2022\/11\/Group-78-150x150.png 150w\" sizes=\"(max-width: 198px) 100vw, 198px\" \/>\t\t\t\t\t\t\t\t\t\t\t\t\t\t\t<\/div>\n\t\t\t\t<\/div>\n\t\t\t\t<div class=\"elementor-element elementor-element-0ba8a64 elementor-widget elementor-widget-heading\" data-id=\"0ba8a64\" data-element_type=\"widget\" data-widget_type=\"heading.default\">\n\t\t\t\t<div class=\"elementor-widget-container\">\n\t\t\t\t\t<h2 class=\"elementor-heading-title elementor-size-default\">RESPONSABILIDADE SOCIAL<\/h2>\t\t\t\t<\/div>\n\t\t\t\t<\/div>\n\t\t\t\t<div class=\"elementor-element elementor-element-d5c8411 elementor-widget elementor-widget-text-editor\" data-id=\"d5c8411\" data-element_type=\"widget\" data-widget_type=\"text-editor.default\">\n\t\t\t\t<div class=\"elementor-widget-container\">\n\t\t\t\t\t\t\t\t\t<p>Incentivamos todo o setor da apicultura brasileira atrav\u00e9s de parcerias junto a cooperativas, associa\u00e7\u00f5es e apicultores independentes que fazem parte da agricultura familiar.<\/p>\t\t\t\t\t\t\t\t<\/div>\n\t\t\t\t<\/div>\n\t\t\t\t\t<\/div>\n\t\t<\/div>\n\t\t\t\t\t<\/div>\n\t\t<\/section>\n\t\t\t\t<section class=\"elementor-section elementor-top-section elementor-element elementor-element-09494a1 elementor-section-boxed elementor-section-height-default elementor-section-height-default\" data-id=\"09494a1\" data-element_type=\"section\" data-settings=\"{&quot;jet_parallax_layout_list&quot;:[],&quot;_ha_eqh_enable&quot;:false}\">\n\t\t\t\t\t\t<div class=\"elementor-container elementor-column-gap-default\">\n\t\t\t\t\t<div class=\"elementor-column elementor-col-50 elementor-top-column elementor-element elementor-element-598a230\" data-id=\"598a230\" data-element_type=\"column\">\n\t\t\t<div class=\"elementor-widget-wrap elementor-element-populated\">\n\t\t\t\t\t\t<div class=\"elementor-element elementor-element-809c2da elementor-invisible elementor-widget elementor-widget-image\" data-id=\"809c2da\" data-element_type=\"widget\" data-settings=\"{&quot;_animation&quot;:&quot;zoomInUp&quot;}\" data-widget_type=\"image.default\">\n\t\t\t\t<div class=\"elementor-widget-container\">\n\t\t\t\t\t\t\t\t\t\t\t\t\t\t\t<img decoding=\"async\" width=\"200\" height=\"199\" src=\"https:\/\/floranectar.com.br\/wp-content\/uploads\/2022\/11\/Group-80.png\" class=\"attachment-large size-large wp-image-258\" alt=\"\" srcset=\"https:\/\/floranectar.com.br\/wp-content\/uploads\/2022\/11\/Group-80.png 200w, https:\/\/floranectar.com.br\/wp-content\/uploads\/2022\/11\/Group-80-150x150.png 150w\" sizes=\"(max-width: 200px) 100vw, 200px\" \/>\t\t\t\t\t\t\t\t\t\t\t\t\t\t\t<\/div>\n\t\t\t\t<\/div>\n\t\t\t\t<div class=\"elementor-element elementor-element-85db00b elementor-widget elementor-widget-heading\" data-id=\"85db00b\" data-element_type=\"widget\" data-widget_type=\"heading.default\">\n\t\t\t\t<div class=\"elementor-widget-container\">\n\t\t\t\t\t<h2 class=\"elementor-heading-title elementor-size-default\">RESPONSABILIDADE AMBIENTAL<\/h2>\t\t\t\t<\/div>\n\t\t\t\t<\/div>\n\t\t\t\t<div class=\"elementor-element elementor-element-8678e70 elementor-widget elementor-widget-text-editor\" data-id=\"8678e70\" data-element_type=\"widget\" data-widget_type=\"text-editor.default\">\n\t\t\t\t<div class=\"elementor-widget-container\">\n\t\t\t\t\t\t\t\t\t<p>Apostamos em pr\u00e1ticas sustent\u00e1veis, onde apresentamos a apicultores parceiros alternativas de materiais recicl\u00e1veis para a confec\u00e7\u00e3o de coberturas e assoalhos para colmeias, de forma sustent\u00e1vel.<\/p>\t\t\t\t\t\t\t\t<\/div>\n\t\t\t\t<\/div>\n\t\t\t\t\t<\/div>\n\t\t<\/div>\n\t\t\t\t<div class=\"elementor-column elementor-col-50 elementor-top-column elementor-element elementor-element-b21f436\" data-id=\"b21f436\" data-element_type=\"column\">\n\t\t\t<div class=\"elementor-widget-wrap elementor-element-populated\">\n\t\t\t\t\t\t<div class=\"elementor-element elementor-element-ac1c253 elementor-invisible elementor-widget elementor-widget-image\" data-id=\"ac1c253\" data-element_type=\"widget\" data-settings=\"{&quot;_animation&quot;:&quot;zoomInUp&quot;}\" data-widget_type=\"image.default\">\n\t\t\t\t<div class=\"elementor-widget-container\">\n\t\t\t\t\t\t\t\t\t\t\t\t\t\t\t<img loading=\"lazy\" decoding=\"async\" width=\"198\" height=\"199\" src=\"https:\/\/floranectar.com.br\/wp-content\/uploads\/2022\/11\/Group-79.png\" class=\"attachment-large size-large wp-image-257\" alt=\"\" srcset=\"https:\/\/floranectar.com.br\/wp-content\/uploads\/2022\/11\/Group-79.png 198w, https:\/\/floranectar.com.br\/wp-content\/uploads\/2022\/11\/Group-79-150x150.png 150w\" sizes=\"(max-width: 198px) 100vw, 198px\" \/>\t\t\t\t\t\t\t\t\t\t\t\t\t\t\t<\/div>\n\t\t\t\t<\/div>\n\t\t\t\t<div class=\"elementor-element elementor-element-e507cdf elementor-widget elementor-widget-heading\" data-id=\"e507cdf\" data-element_type=\"widget\" data-widget_type=\"heading.default\">\n\t\t\t\t<div class=\"elementor-widget-container\">\n\t\t\t\t\t<h2 class=\"elementor-heading-title elementor-size-default\">CREDIBILIDADE<\/h2>\t\t\t\t<\/div>\n\t\t\t\t<\/div>\n\t\t\t\t<div class=\"elementor-element elementor-element-06afd69 elementor-widget elementor-widget-text-editor\" data-id=\"06afd69\" data-element_type=\"widget\" data-widget_type=\"text-editor.default\">\n\t\t\t\t<div class=\"elementor-widget-container\">\n\t\t\t\t\t\t\t\t\t<p>Temos o mais profundo n\u00edvel de confian\u00e7a entre fabricantes, produtores e consumidores, confirmando a ess\u00eanciado que somos.<\/p>\t\t\t\t\t\t\t\t<\/div>\n\t\t\t\t<\/div>\n\t\t\t\t\t<\/div>\n\t\t<\/div>\n\t\t\t\t\t<\/div>\n\t\t<\/section>\n\t\t\t\t<\/div>\n\t\t","protected":false},"excerpt":{"rendered":"<p>Nossa Empresa A hist\u00f3ria da Flora N\u00e9ctar se inicia com nosso fundador Jos\u00e9 Eduardo, integrando-se a uma equipe de estudantes para trabalhar em um projeto de pesquisas em apicultura, com incentivo do governo. Foi o ponto de partida para se encantar pelo cultivo de mel e executar seu pr\u00f3prio projeto de apicultura migrat\u00f3rio, no qual &#8230; <a title=\"Empresa\" class=\"read-more\" href=\"https:\/\/floranectar.com.br\/pt_br\/empresa\/\" aria-label=\"More on Empresa\">Ler mais<\/a><\/p>\n","protected":false},"author":3,"featured_media":0,"parent":0,"menu_order":0,"comment_status":"closed","ping_status":"closed","template":"elementor_header_footer","meta":{"footnotes":""},"class_list":["post-13","page","type-page","status-publish"],"_links":{"self":[{"href":"https:\/\/floranectar.com.br\/pt_br\/wp-json\/wp\/v2\/pages\/13","targetHints":{"allow":["GET"]}}],"collection":[{"href":"https:\/\/floranectar.com.br\/pt_br\/wp-json\/wp\/v2\/pages"}],"about":[{"href":"https:\/\/floranectar.com.br\/pt_br\/wp-json\/wp\/v2\/types\/page"}],"author":[{"embeddable":true,"href":"https:\/\/floranectar.com.br\/pt_br\/wp-json\/wp\/v2\/users\/3"}],"replies":[{"embeddable":true,"href":"https:\/\/floranectar.com.br\/pt_br\/wp-json\/wp\/v2\/comments?post=13"}],"version-history":[{"count":50,"href":"https:\/\/floranectar.com.br\/pt_br\/wp-json\/wp\/v2\/pages\/13\/revisions"}],"predecessor-version":[{"id":1282,"href":"https:\/\/floranectar.com.br\/pt_br\/wp-json\/wp\/v2\/pages\/13\/revisions\/1282"}],"wp:attachment":[{"href":"https:\/\/floranectar.com.br\/pt_br\/wp-json\/wp\/v2\/media?parent=13"}],"curies":[{"name":"wp","href":"https:\/\/api.w.org\/{rel}","templated":true}]}}